{"id":1161,"date":"2020-11-27T14:24:14","date_gmt":"2020-11-27T13:24:14","guid":{"rendered":"https:\/\/www.l-tour.be\/who-are-we\/"},"modified":"2020-12-09T12:22:51","modified_gmt":"2020-12-09T11:22:51","slug":"who-are-we","status":"publish","type":"page","link":"https:\/\/www.l-tour.be\/en\/who-are-we\/","title":{"rendered":"Who are we ?"},"content":{"rendered":"<div class=\"wpb-content-wrapper\"><p>[vc_row][vc_column][vc_row_inner][vc_column_inner width=&#8221;3\/4&#8243;][vc_column_text]Since 2014, L-Tour has organized lesbian and rainbow tours and events to promote the history (herstory and history) of Brussels\u2019 LGBTQI+ communities, via lesbian, gay, bisexual, trans and intersex people and associations.[\/vc_column_text][vc_column_text]<\/p>\n<h2>Our objectives<\/h2>\n<p>The website has several aims: bringing visibility to, defending, supporting and promoting any initiative and production undertaken by LGBTQI+ people and communities, especially those within its most minoritized groups (lesbians; women; those with physical challenges due to, for example, disability and old age; different racial groups;&#8230;).[\/vc_column_text][vc_column_text]<\/p>\n<h2>How<\/h2>\n<p>Through activities related to specific projects or made available to the general public.<\/p>\n<ul>\n<li>L-Tour offers guided <a href=\"https:\/\/www.l-tour.be\/en\/who-are-we\/guided-tours\/\"><strong>tours in Brussels<\/strong><\/a> as well as <strong><a href=\"https:\/\/www.l-tour.be\/qui-sommes-nous\/en\/visite-de-bibliotheques\/\">library visits<\/a><\/strong>, <a href=\"https:\/\/www.l-tour.be\/en\/who-are-we\/conferences-training\/\"><strong>workshops<\/strong><\/a>, des <strong><a href=\"https:\/\/www.l-tour.be\/qui-sommes-nous\/en\/confernces-formations\/\">conferences<\/a><\/strong> and <a href=\"https:\/\/www.l-tour.be\/en\/who-are-we\/events\/\"><strong>major events<\/strong><\/a> (exhibitions, national and international meetings, &#8230;).<\/li>\n<li>The paedagogical website provides the greater public with texts and documents, testimonies and portraits, research and analysis, that allow us to discover \u2018who\u2019 did \u2018what\u2019. These tools on memory also allow us to understand the mechanisms of discrimination that are specific to our communities, and find the means to fight them and work towards real societal progress.<\/li>\n<\/ul>\n<p>[\/vc_column_text]<style type=\"text\/css\" data-type=\"the7_shortcodes-inline-css\">#default-btn-c18f826cff2d52487cf219360048dc52.ico-right-side > i {\n  margin-right: 0px;\n  margin-left: 8px;\n}\n#default-btn-c18f826cff2d52487cf219360048dc52 > i {\n  margin-right: 8px;\n}<\/style><a href=\"https:\/\/www.l-tour.be\/en\/l-tour-dans-la-notion-insupportable-fonds-suzan-daniel-n23-decembre-2017\/\" class=\"default-btn-shortcode dt-btn dt-btn-s link-hover-off btn-inline-left \" id=\"default-btn-c18f826cff2d52487cf219360048dc52\" title=\"L-Tour in\u00ab\u00a0La Notion Insupportable\u00a0\u00bb (Fonds Suzan Daniel), n\u00b023, d\u00e9cembre 2017\"><span>LEARN MORE ABOUT THE L-TOUR PROJECT<\/span><\/a>[\/vc_column_inner][vc_column_inner width=&#8221;1\/4&#8243;][vc_single_image image=&#8221;468&#8243; img_size=&#8221;full&#8221; lazy_loading=&#8221;true&#8221;][vc_column_text]<\/p>\n<p style=\"text-align: center;\"><em>Previous logo<\/em><\/p>\n<p>[\/vc_column_text][\/vc_column_inner][\/vc_row_inner][\/vc_column][\/vc_row][vc_row full_width=&#8221;stretch_row&#8221;][vc_column]<div class=\"ult-spacer spacer-69db5297527a9\" data-id=\"69db5297527a9\" data-height=\"50\" data-height-mobile=\"20\" data-height-tab=\"35\" data-height-tab-portrait=\"35\" data-height-mobile-landscape=\"20\" style=\"clear:both;display:block;\"><\/div>[vc_column_text]<\/p>\n<h2 style=\"text-align: center;\">L-Tour\u2019s activities<\/h2>\n<p>[\/vc_column_text][vc_row_inner equal_height=&#8221;yes&#8221; gap=&#8221;35&#8243;][vc_column_inner offset=&#8221;vc_col-lg-6 vc_col-md-6 vc_col-xs-12&#8243;][vc_hoverbox image=&#8221;415&#8243; primary_title=&#8221;Guided tours&#8221; primary_title_font_container=&#8221;font_size:40px|color:%23ffffff|line_height:46px&#8221; primary_title_use_theme_fonts=&#8221;yes&#8221; hover_title=&#8221;Guided tours&#8221; hover_title_font_container=&#8221;color:%23ffffff&#8221; hover_title_use_theme_fonts=&#8221;yes&#8221; shape=&#8221;square&#8221; hover_background_color=&#8221;custom&#8221; hover_btn_title=&#8221;FIND OUT MORE\u2026&#8221; hover_btn_style=&#8221;custom&#8221; hover_btn_custom_background=&#8221;#ffffff&#8221; hover_btn_custom_text=&#8221;#0c0c0c&#8221; hover_btn_shape=&#8221;round&#8221; hover_btn_align=&#8221;center&#8221; css_animation=&#8221;left-to-right&#8221; use_custom_fonts_primary_title=&#8221;true&#8221; use_custom_fonts_hover_title=&#8221;true&#8221; hover_add_button=&#8221;true&#8221; hover_custom_background=&#8221;#af81b7&#8243; primary_title_link=&#8221;url:https%3A%2F%2Fwww.l-tour.be%2Fen%2Fl-tour%2Fparcours%2F|title:Guided%20tours|&#8221; hover_btn_link=&#8221;url:https%3A%2F%2Fwww.l-tour.be%2Fen%2Fl-tour%2Fparcours%2F|title:Guided%20tours|&#8221;]The guided tour covers the achievements and thoughts that evolved from the turn of the 19th and 20th centuries to the present day, and includes certain information that date back to the 17th century. Cosmopolitan Brussels thus serves as a springboard for our local, national and international history.[\/vc_hoverbox][\/vc_column_inner][vc_column_inner offset=&#8221;vc_col-lg-6 vc_col-md-6 vc_col-xs-12&#8243;][vc_hoverbox image=&#8221;527&#8243; primary_title=&#8221;Library visits&#8221; primary_title_font_container=&#8221;font_size:40px|color:%23ffffff|line_height:46px&#8221; primary_title_use_theme_fonts=&#8221;yes&#8221; hover_title=&#8221;Library visits&#8221; hover_title_font_container=&#8221;color:%23ffffff&#8221; hover_title_use_theme_fonts=&#8221;yes&#8221; shape=&#8221;square&#8221; hover_background_color=&#8221;custom&#8221; hover_btn_title=&#8221;FIND OUT MORE\u2026&#8221; hover_btn_style=&#8221;custom&#8221; hover_btn_custom_background=&#8221;#ffffff&#8221; hover_btn_custom_text=&#8221;#000000&#8243; hover_btn_shape=&#8221;round&#8221; hover_btn_align=&#8221;center&#8221; css_animation=&#8221;slideInRight&#8221; use_custom_fonts_primary_title=&#8221;true&#8221; use_custom_fonts_hover_title=&#8221;true&#8221; hover_add_button=&#8221;true&#8221; hover_custom_background=&#8221;#af81b7&#8243; primary_title_link=&#8221;url:https%3A%2F%2Fwww.l-tour.be%2Fen%2Fwho-are-we%2Flibrary-visits%2F|title:Library%20visits|&#8221; hover_btn_link=&#8221;url:https%3A%2F%2Fwww.l-tour.be%2Fen%2Fwho-are-we%2Flibrary-visits%2F|title:Library%20visits|&#8221;]Library visits enable us to access reading materials to complement widely-available literature and sociological research.[\/vc_hoverbox][\/vc_column_inner][vc_column_inner offset=&#8221;vc_col-lg-6 vc_col-md-6 vc_col-xs-12&#8243;][vc_hoverbox image=&#8221;536&#8243; primary_title=&#8221;Events&#8221; primary_title_font_container=&#8221;font_size:40px|color:%23ffffff|line_height:46px&#8221; primary_title_use_theme_fonts=&#8221;yes&#8221; hover_title=&#8221;Events&#8221; hover_title_font_container=&#8221;color:%23ffffff&#8221; hover_title_use_theme_fonts=&#8221;yes&#8221; shape=&#8221;square&#8221; hover_background_color=&#8221;custom&#8221; hover_btn_title=&#8221;FIND OUT MORE\u2026&#8221; hover_btn_style=&#8221;custom&#8221; hover_btn_custom_background=&#8221;#ffffff&#8221; hover_btn_custom_text=&#8221;#000000&#8243; hover_btn_shape=&#8221;round&#8221; hover_btn_align=&#8221;center&#8221; css_animation=&#8221;slideInDown&#8221; use_custom_fonts_primary_title=&#8221;true&#8221; use_custom_fonts_hover_title=&#8221;true&#8221; hover_add_button=&#8221;true&#8221; hover_custom_background=&#8221;#af81b7&#8243; primary_title_link=&#8221;url:https%3A%2F%2Fwww.l-tour.be%2Fen%2Fwho-are-we%2Fevents%2F|title:Ev%C3%A9nements%20%2F%20Nous%20%C3%A9tions%20%C3%A0|&#8221; hover_title_link=&#8221;url:https%3A%2F%2Fwww.l-tour.be%2Fen%2Fwho-are-we%2Fevents%2F|title:Ev%C3%A9nements%20%2F%20Nous%20%C3%A9tions%20%C3%A0|&#8221; hover_btn_link=&#8221;url:https%3A%2F%2Fwww.l-tour.be%2Fen%2Fwho-are-we%2Fevents%2F|title:Ev%C3%A9nements%20%2F%20Nous%20%C3%A9tions%20%C3%A0|&#8221;]L&#8217;organisation d&#8217;\u00e9v\u00e9nements (expositions, rencontres&#8230;) et la tenue de stands d&#8217;information favorise la visibilit\u00e9 de nos communaut\u00e9s LGBTQI+ et les \u00e9changes.[\/vc_hoverbox][\/vc_column_inner][vc_column_inner offset=&#8221;vc_col-lg-6 vc_col-md-6 vc_col-xs-12&#8243;][vc_hoverbox image=&#8221;530&#8243; primary_title=&#8221;Conferences and Workshops&#8221; primary_title_font_container=&#8221;font_size:40px|color:%23ffffff|line_height:46px&#8221; primary_title_use_theme_fonts=&#8221;yes&#8221; hover_title=&#8221;Conferences and Workshops&#8221; hover_title_font_container=&#8221;color:%23ffffff&#8221; hover_title_use_theme_fonts=&#8221;yes&#8221; shape=&#8221;square&#8221; hover_background_color=&#8221;custom&#8221; hover_btn_title=&#8221;FIND OUT MORE\u2026&#8221; hover_btn_style=&#8221;custom&#8221; hover_btn_custom_background=&#8221;#ffffff&#8221; hover_btn_custom_text=&#8221;#0c0c0c&#8221; hover_btn_shape=&#8221;round&#8221; hover_btn_align=&#8221;center&#8221; css_animation=&#8221;slideInDown&#8221; use_custom_fonts_primary_title=&#8221;true&#8221; use_custom_fonts_hover_title=&#8221;true&#8221; hover_add_button=&#8221;true&#8221; hover_custom_background=&#8221;#af81b7&#8243; primary_title_link=&#8221;url:https%3A%2F%2Fwww.l-tour.be%2Fen%2Fwho-are-we%2Fconferences-training%2F|title:%20Conferences%20%2F%20Workshops|&#8221; hover_btn_link=&#8221;url:https%3A%2F%2Fwww.l-tour.be%2Fen%2Fwho-are-we%2Fconferences-training%2F|title:%20Conferences%20%2F%20Workshops|&#8221;]Des conf\u00e9rences &#8211; accompagn\u00e9es de d\u00e9bats &#8211; permettent d&#8217;approfondir de mani\u00e8re vivante les sujets abord\u00e9s durant les parcours. Les formations en assurent un suivi plus approfondi encore.[\/vc_hoverbox][\/vc_column_inner][\/vc_row_inner]<div class=\"ult-spacer spacer-69db5297527d4\" data-id=\"69db5297527d4\" data-height=\"50\" data-height-mobile=\"20\" data-height-tab=\"35\" data-height-tab-portrait=\"35\" data-height-mobile-landscape=\"20\" style=\"clear:both;display:block;\"><\/div>[\/vc_column][\/vc_row][vc_row full_width=&#8221;stretch_row&#8221; bg_type=&#8221;bg_color&#8221; bg_color_value=&#8221;#f9f9f9&#8243;][vc_column width=&#8221;1\/6&#8243;][\/vc_column][vc_column width=&#8221;2\/3&#8243;]<style type=\"text\/css\" data-type=\"the7_shortcodes-inline-css\">.testimonials-carousel-shortcode.testimonials-carousel-shortcode-id-eac9f4d82690f9b4e0610fc63e96599f.owl-carousel .owl-nav div {\n  width: 36px;\n  height: 36px;\n  border-radius: 500px;\n}\n.testimonials-carousel-shortcode.testimonials-carousel-shortcode-id-eac9f4d82690f9b4e0610fc63e96599f.owl-carousel .owl-nav div:before,\n.testimonials-carousel-shortcode.testimonials-carousel-shortcode-id-eac9f4d82690f9b4e0610fc63e96599f.owl-carousel .owl-nav div:after {\n  border-width: 0px;\n}\n.testimonials-carousel-shortcode.testimonials-carousel-shortcode-id-eac9f4d82690f9b4e0610fc63e96599f.owl-carousel .owl-nav div.owl-prev {\n  top: 50%;\n  transform: translateY(calc(-50% + 0px));\n  left: -43px;\n}\n@media all and (-ms-high-contrast: none) {\n  .testimonials-carousel-shortcode.testimonials-carousel-shortcode-id-eac9f4d82690f9b4e0610fc63e96599f.owl-carousel .owl-nav div.owl-prev {\n    transform: translateY(-50%);\n    margin-top: 0px;\n  }\n}\n.testimonials-carousel-shortcode.testimonials-carousel-shortcode-id-eac9f4d82690f9b4e0610fc63e96599f.owl-carousel .owl-nav div.owl-prev i {\n  padding: 0px 0px 0px 0px;\n}\n.testimonials-carousel-shortcode.testimonials-carousel-shortcode-id-eac9f4d82690f9b4e0610fc63e96599f.owl-carousel .owl-nav div.owl-next {\n  top: 50%;\n  transform: translateY(calc(-50% + 0px));\n  right: -43px;\n}\n@media all and (-ms-high-contrast: none) {\n  .testimonials-carousel-shortcode.testimonials-carousel-shortcode-id-eac9f4d82690f9b4e0610fc63e96599f.owl-carousel .owl-nav div.owl-next {\n    transform: translateY(-50%);\n    margin-top: 0px;\n  }\n}\n.testimonials-carousel-shortcode.testimonials-carousel-shortcode-id-eac9f4d82690f9b4e0610fc63e96599f.owl-carousel .owl-nav div.owl-next i {\n  padding: 0px 0px 0px 0px;\n}\n.testimonials-carousel-shortcode.testimonials-carousel-shortcode-id-eac9f4d82690f9b4e0610fc63e96599f.owl-carousel .owl-nav i {\n  font-size: 18px;\n}\n.testimonials-carousel-shortcode.testimonials-carousel-shortcode-id-eac9f4d82690f9b4e0610fc63e96599f.owl-carousel .owl-nav div:not(:hover) i,\n.testimonials-carousel-shortcode.testimonials-carousel-shortcode-id-eac9f4d82690f9b4e0610fc63e96599f.owl-carousel .owl-nav div:not(:hover) i:before {\n  color: #ffffff;\n  background: none;\n}\n.testimonials-carousel-shortcode.testimonials-carousel-shortcode-id-eac9f4d82690f9b4e0610fc63e96599f.owl-carousel .owl-nav div:hover i,\n.testimonials-carousel-shortcode.testimonials-carousel-shortcode-id-eac9f4d82690f9b4e0610fc63e96599f.owl-carousel .owl-nav div:hover i:before {\n  color: rgba(255,255,255,0.75);\n  background: none;\n}\n.testimonials-carousel-shortcode.testimonials-carousel-shortcode-id-eac9f4d82690f9b4e0610fc63e96599f .owl-dots {\n  top: calc(100% + 20px);\n  left: 50%;\n  transform: translateX(calc(-50% + 0px));\n}\n@media all and (-ms-high-contrast: none) {\n  .testimonials-carousel-shortcode.testimonials-carousel-shortcode-id-eac9f4d82690f9b4e0610fc63e96599f .owl-dots {\n    transform: translateX(-50%);\n    margin-left: 0px;\n  }\n}\n.testimonials-carousel-shortcode.testimonials-carousel-shortcode-id-eac9f4d82690f9b4e0610fc63e96599f .owl-dot {\n  width: 10px;\n  height: 10px;\n  margin: 0 8px;\n}\n@media screen and (max-width: 778px) {\n  .testimonials-carousel-shortcode.testimonials-carousel-shortcode-id-eac9f4d82690f9b4e0610fc63e96599f.hide-arrows.owl-carousel .owl-nav a {\n    display: none;\n  }\n}\n@media screen and (max-width: 778px) {\n  .testimonials-carousel-shortcode.testimonials-carousel-shortcode-id-eac9f4d82690f9b4e0610fc63e96599f.reposition-arrows.owl-carousel .owl-nav .owl-prev {\n    top: 50%;\n    transform: translateY(calc(-50% + 0px));\n    left: -18px;\n  }\n  .testimonials-carousel-shortcode.testimonials-carousel-shortcode-id-eac9f4d82690f9b4e0610fc63e96599f.reposition-arrows.owl-carousel .owl-nav .owl-next {\n    top: 50%;\n    transform: translateY(calc(-50% + 0px));\n    right: -18px;\n  }\n}\n@media screen and (max-width: 778px) and all and (-ms-high-contrast: none) {\n  .testimonials-carousel-shortcode.testimonials-carousel-shortcode-id-eac9f4d82690f9b4e0610fc63e96599f.reposition-arrows.owl-carousel .owl-nav .owl-prev {\n    transform: translateY(-50%);\n    margin-top: 0px;\n  }\n}\n@media screen and (max-width: 778px) and all and (-ms-high-contrast: none) {\n  .testimonials-carousel-shortcode.testimonials-carousel-shortcode-id-eac9f4d82690f9b4e0610fc63e96599f.reposition-arrows.owl-carousel .owl-nav .owl-next {\n    transform: translateY(-50%);\n    margin-top: 0px;\n  }\n}\n.testimonials-carousel-shortcode.testimonials-carousel-shortcode-id-eac9f4d82690f9b4e0610fc63e96599f .testimonial-item {\n  padding: 30px 30px 20px 30px;\n}\n.testimonials-carousel-shortcode.testimonials-carousel-shortcode-id-eac9f4d82690f9b4e0610fc63e96599f .testimonial-name,\n.testimonials-carousel-shortcode.testimonials-carousel-shortcode-id-eac9f4d82690f9b4e0610fc63e96599f .testimonial-name a,\n.testimonials-carousel-shortcode.testimonials-carousel-shortcode-id-eac9f4d82690f9b4e0610fc63e96599f .testimonial-name span {\n  margin-bottom: 0px;\n  font-weight: bold;\n}\n.testimonials-carousel-shortcode.testimonials-carousel-shortcode-id-eac9f4d82690f9b4e0610fc63e96599f .testimonial-position {\n  margin-bottom: 20px;\n}\n.testimonials-carousel-shortcode.testimonials-carousel-shortcode-id-eac9f4d82690f9b4e0610fc63e96599f .testimonial-position,\n.testimonials-carousel-shortcode.testimonials-carousel-shortcode-id-eac9f4d82690f9b4e0610fc63e96599f .testimonial-position span {\n  font-weight: bold;\n}\n.testimonials-carousel-shortcode.testimonials-carousel-shortcode-id-eac9f4d82690f9b4e0610fc63e96599f  .testimonial-avatar {\n  padding: 0px 20px 20px 0px;\n}\n.testimonials-carousel-shortcode.testimonials-carousel-shortcode-id-eac9f4d82690f9b4e0610fc63e96599f  .testimonial-avatar a,\n.testimonials-carousel-shortcode.testimonials-carousel-shortcode-id-eac9f4d82690f9b4e0610fc63e96599f  .testimonial-avatar span,\n.testimonials-carousel-shortcode.testimonials-carousel-shortcode-id-eac9f4d82690f9b4e0610fc63e96599f  .testimonial-avatar img {\n  max-width: 80px;\n}\n.testimonials-carousel-shortcode.testimonials-carousel-shortcode-id-eac9f4d82690f9b4e0610fc63e96599f .dt-css-grid .testimonial-avatar img,\n.testimonials-carousel-shortcode.testimonials-carousel-shortcode-id-eac9f4d82690f9b4e0610fc63e96599f .dt-css-grid .testimonial-avatar svg {\n  max-width: 100%;\n}\n.testimonials-carousel-shortcode.testimonials-carousel-shortcode-id-eac9f4d82690f9b4e0610fc63e96599f.layout-5:not(.hide-testimonial-avatar) .content-wrap,\n.testimonials-carousel-shortcode.testimonials-carousel-shortcode-id-eac9f4d82690f9b4e0610fc63e96599f.layout-6:not(.hide-testimonial-avatar) .content-wrap {\n  width: calc(100% - 80px - 20px - 0px);\n}\n.testimonials-carousel-shortcode.testimonials-carousel-shortcode-id-eac9f4d82690f9b4e0610fc63e96599f .testimonial-content {\n  margin-bottom: 0px;\n}\n.testimonials-carousel-shortcode.testimonials-carousel-shortcode-id-eac9f4d82690f9b4e0610fc63e96599f  .testimonial-avatar,\n.testimonials-carousel-shortcode.testimonials-carousel-shortcode-id-eac9f4d82690f9b4e0610fc63e96599f  .testimonial-avatar a.rollover,\n.testimonials-carousel-shortcode.testimonials-carousel-shortcode-id-eac9f4d82690f9b4e0610fc63e96599f  .testimonial-avatar a.rollover *,\n.testimonials-carousel-shortcode.testimonials-carousel-shortcode-id-eac9f4d82690f9b4e0610fc63e96599f  .testimonial-avatar img,\n.testimonials-carousel-shortcode.testimonials-carousel-shortcode-id-eac9f4d82690f9b4e0610fc63e96599f  .testimonial-avatar .no-avatar,\n.testimonials-carousel-shortcode.testimonials-carousel-shortcode-id-eac9f4d82690f9b4e0610fc63e96599f  .testim-no-avatar {\n  border-radius: 500px;\n}\n.testimonials-carousel-shortcode.testimonials-carousel-shortcode-id-eac9f4d82690f9b4e0610fc63e96599f  .testimonial-avatar .no-avatar {\n  height: 80px;\n}\n.testimonials-carousel-shortcode.testimonials-carousel-shortcode-id-eac9f4d82690f9b4e0610fc63e96599f  .testimonial-avatar .no-avatar {\n  font-size: 80px;\n  width: 80px;\n}<\/style><div class=\"owl-carousel testimonials-carousel-shortcode dt-testimonials-shortcode dt-owl-carousel-call testimonials-carousel-shortcode-id-eac9f4d82690f9b4e0610fc63e96599f content-align-center layout-1 content-bg-off bullets-small-dot-stroke reposition-arrows arrows-bg-on dt-arrow-border-on dt-arrow-hover-border-on disable-arrows-hover-bg arrows-hover-bg-on  \" data-scroll-mode=\"1\" data-col-num=\"1\" data-wide-col-num=\"1\" data-laptop-col=\"1\" data-h-tablet-columns-num=\"1\" data-v-tablet-columns-num=\"1\" data-phone-columns-num=\"1\" data-auto-height=\"false\" data-col-gap=\"30\" data-stage-padding=\"0\" data-speed=\"600\" data-autoplay=\"false\" data-autoplay_speed=\"6000\" data-arrows=\"true\" data-bullet=\"true\" data-next-icon=\"icon-ar-020-r\" data-prev-icon=\"icon-ar-020-l\"><\/div>[\/vc_column][vc_column width=&#8221;1\/6&#8243;][\/vc_column][\/vc_row]<\/p>\n<\/div>","protected":false},"excerpt":{"rendered":"<p>[vc_row][vc_column][vc_row_inner][vc_column_inner width=&#8221;3\/4&#8243;][vc_column_text]Since 2014, L-Tour has organized lesbian and rainbow tours and events to promote the history (herstory and history) of Brussels\u2019 LGBTQI+ communities, via lesbian, gay, bisexual, trans and intersex people and associations.[\/vc_column_text][vc_column_text] Our objectives The website has several aims: bringing visibility to, defending, supporting and promoting any initiative and production undertaken by LGBTQI+ people&hellip;<\/p>\n","protected":false},"author":1,"featured_media":0,"parent":0,"menu_order":0,"comment_status":"closed","ping_status":"closed","template":"","meta":{"footnotes":""},"class_list":["post-1161","page","type-page","status-publish","hentry","description-off"],"yoast_head":"<!-- This site is optimized with the Yoast SEO plugin v26.2 - https:\/\/yoast.com\/wordpress\/plugins\/seo\/ -->\n<title>Who are we ? - L-Tour<\/title>\n<meta name=\"robots\" content=\"index, follow, max-snippet:-1, max-image-preview:large, max-video-preview:-1\" \/>\n<link rel=\"canonical\" href=\"https:\/\/www.l-tour.be\/en\/who-are-we\/\" \/>\n<meta property=\"og:locale\" content=\"en_US\" \/>\n<meta property=\"og:type\" content=\"article\" \/>\n<meta property=\"og:title\" content=\"Who are we ? - L-Tour\" \/>\n<meta property=\"og:description\" content=\"[vc_row][vc_column][vc_row_inner][vc_column_inner width=&#8221;3\/4&#8243;][vc_column_text]Since 2014, L-Tour has organized lesbian and rainbow tours and events to promote the history (herstory and history) of Brussels\u2019 LGBTQI+ communities, via lesbian, gay, bisexual, trans and intersex people and associations.[\/vc_column_text][vc_column_text] Our objectives The website has several aims: bringing visibility to, defending, supporting and promoting any initiative and production undertaken by LGBTQI+ people&hellip;\" \/>\n<meta property=\"og:url\" content=\"https:\/\/www.l-tour.be\/en\/who-are-we\/\" \/>\n<meta property=\"og:site_name\" content=\"L-Tour\" \/>\n<meta property=\"article:modified_time\" content=\"2020-12-09T11:22:51+00:00\" \/>\n<meta name=\"twitter:card\" content=\"summary_large_image\" \/>\n<meta name=\"twitter:label1\" content=\"Est. reading time\" \/>\n\t<meta name=\"twitter:data1\" content=\"6 minutes\" \/>\n<script type=\"application\/ld+json\" class=\"yoast-schema-graph\">{\"@context\":\"https:\/\/schema.org\",\"@graph\":[{\"@type\":\"WebPage\",\"@id\":\"https:\/\/www.l-tour.be\/en\/who-are-we\/\",\"url\":\"https:\/\/www.l-tour.be\/en\/who-are-we\/\",\"name\":\"Who are we ? - L-Tour\",\"isPartOf\":{\"@id\":\"https:\/\/www.l-tour.be\/en\/#website\"},\"datePublished\":\"2020-11-27T13:24:14+00:00\",\"dateModified\":\"2020-12-09T11:22:51+00:00\",\"breadcrumb\":{\"@id\":\"https:\/\/www.l-tour.be\/en\/who-are-we\/#breadcrumb\"},\"inLanguage\":\"en-US\",\"potentialAction\":[{\"@type\":\"ReadAction\",\"target\":[\"https:\/\/www.l-tour.be\/en\/who-are-we\/\"]}]},{\"@type\":\"BreadcrumbList\",\"@id\":\"https:\/\/www.l-tour.be\/en\/who-are-we\/#breadcrumb\",\"itemListElement\":[{\"@type\":\"ListItem\",\"position\":1,\"name\":\"Home\",\"item\":\"https:\/\/www.l-tour.be\/en\/\"},{\"@type\":\"ListItem\",\"position\":2,\"name\":\"Who are we ?\"}]},{\"@type\":\"WebSite\",\"@id\":\"https:\/\/www.l-tour.be\/en\/#website\",\"url\":\"https:\/\/www.l-tour.be\/en\/\",\"name\":\"L-Tour\",\"description\":\"LGBTQI+ Guiding Tours in Brussels\",\"potentialAction\":[{\"@type\":\"SearchAction\",\"target\":{\"@type\":\"EntryPoint\",\"urlTemplate\":\"https:\/\/www.l-tour.be\/en\/?s={search_term_string}\"},\"query-input\":{\"@type\":\"PropertyValueSpecification\",\"valueRequired\":true,\"valueName\":\"search_term_string\"}}],\"inLanguage\":\"en-US\"}]}<\/script>\n<!-- \/ Yoast SEO plugin. -->","yoast_head_json":{"title":"Who are we ? - L-Tour","robots":{"index":"index","follow":"follow","max-snippet":"max-snippet:-1","max-image-preview":"max-image-preview:large","max-video-preview":"max-video-preview:-1"},"canonical":"https:\/\/www.l-tour.be\/en\/who-are-we\/","og_locale":"en_US","og_type":"article","og_title":"Who are we ? - L-Tour","og_description":"[vc_row][vc_column][vc_row_inner][vc_column_inner width=&#8221;3\/4&#8243;][vc_column_text]Since 2014, L-Tour has organized lesbian and rainbow tours and events to promote the history (herstory and history) of Brussels\u2019 LGBTQI+ communities, via lesbian, gay, bisexual, trans and intersex people and associations.[\/vc_column_text][vc_column_text] Our objectives The website has several aims: bringing visibility to, defending, supporting and promoting any initiative and production undertaken by LGBTQI+ people&hellip;","og_url":"https:\/\/www.l-tour.be\/en\/who-are-we\/","og_site_name":"L-Tour","article_modified_time":"2020-12-09T11:22:51+00:00","twitter_card":"summary_large_image","twitter_misc":{"Est. reading time":"6 minutes"},"schema":{"@context":"https:\/\/schema.org","@graph":[{"@type":"WebPage","@id":"https:\/\/www.l-tour.be\/en\/who-are-we\/","url":"https:\/\/www.l-tour.be\/en\/who-are-we\/","name":"Who are we ? - L-Tour","isPartOf":{"@id":"https:\/\/www.l-tour.be\/en\/#website"},"datePublished":"2020-11-27T13:24:14+00:00","dateModified":"2020-12-09T11:22:51+00:00","breadcrumb":{"@id":"https:\/\/www.l-tour.be\/en\/who-are-we\/#breadcrumb"},"inLanguage":"en-US","potentialAction":[{"@type":"ReadAction","target":["https:\/\/www.l-tour.be\/en\/who-are-we\/"]}]},{"@type":"BreadcrumbList","@id":"https:\/\/www.l-tour.be\/en\/who-are-we\/#breadcrumb","itemListElement":[{"@type":"ListItem","position":1,"name":"Home","item":"https:\/\/www.l-tour.be\/en\/"},{"@type":"ListItem","position":2,"name":"Who are we ?"}]},{"@type":"WebSite","@id":"https:\/\/www.l-tour.be\/en\/#website","url":"https:\/\/www.l-tour.be\/en\/","name":"L-Tour","description":"LGBTQI+ Guiding Tours in Brussels","potentialAction":[{"@type":"SearchAction","target":{"@type":"EntryPoint","urlTemplate":"https:\/\/www.l-tour.be\/en\/?s={search_term_string}"},"query-input":{"@type":"PropertyValueSpecification","valueRequired":true,"valueName":"search_term_string"}}],"inLanguage":"en-US"}]}},"_links":{"self":[{"href":"https:\/\/www.l-tour.be\/en\/wp-json\/wp\/v2\/pages\/1161","targetHints":{"allow":["GET"]}}],"collection":[{"href":"https:\/\/www.l-tour.be\/en\/wp-json\/wp\/v2\/pages"}],"about":[{"href":"https:\/\/www.l-tour.be\/en\/wp-json\/wp\/v2\/types\/page"}],"author":[{"embeddable":true,"href":"https:\/\/www.l-tour.be\/en\/wp-json\/wp\/v2\/users\/1"}],"replies":[{"embeddable":true,"href":"https:\/\/www.l-tour.be\/en\/wp-json\/wp\/v2\/comments?post=1161"}],"version-history":[{"count":13,"href":"https:\/\/www.l-tour.be\/en\/wp-json\/wp\/v2\/pages\/1161\/revisions"}],"predecessor-version":[{"id":1343,"href":"https:\/\/www.l-tour.be\/en\/wp-json\/wp\/v2\/pages\/1161\/revisions\/1343"}],"wp:attachment":[{"href":"https:\/\/www.l-tour.be\/en\/wp-json\/wp\/v2\/media?parent=1161"}],"curies":[{"name":"wp","href":"https:\/\/api.w.org\/{rel}","templated":true}]}}