{"id":1188,"date":"2020-11-27T15:20:52","date_gmt":"2020-11-27T14:20:52","guid":{"rendered":"https:\/\/www.l-tour.be\/rgpd\/"},"modified":"2020-11-27T15:20:52","modified_gmt":"2020-11-27T14:20:52","slug":"rgpd","status":"publish","type":"page","link":"https:\/\/www.l-tour.be\/en\/rgpd\/","title":{"rendered":"RGPD"},"content":{"rendered":"&#13;\n<h2 class=\"wp-block-heading\">Qui sommes nous?<\/h2>&#13;\n&#13;\n<p>Notre site web est:\u00a0 https:\/\/www.l-tour.be.<\/p>&#13;\n&#13;\n<h2 class=\"wp-block-heading\">Quelles donn\u00e9es personnelles collectons nous et pourquoi?<\/h2>&#13;\n&#13;\n<h3 class=\"wp-block-heading\">Formulaire de Contact<\/h3>&#13;\n<p>Quand un visiteur envoi un message via le formulaire de contact, nous collectons les donn\u00e9es affich\u00e9es dans le formulaire d&#8217;inscription (Nom et Adresse de messagerie).<\/p>&#13;\n&#13;\n<h3 class=\"wp-block-heading\">Cookies<\/h3>&#13;\n&#13;\n<p>Le site de L-Tour peut faire usage de \u201ccookies\u201d. Ce sont de petits fichiers qui s\u2019installent sur le disque dur de votre ordinateur pour vous faciliter la visite du site.<\/p>&#13;\n&#13;\n<h3 class=\"wp-block-heading\">Contenu d&#8217;autres sites web incorpor\u00e9<\/h3>&#13;\n&#13;\n<p>Certains articles sur ce site peuvent inclure des contenus incorpor\u00e9 (par exemple vid\u00e9os, images, articles, etc.). Les contenus incorpor\u00e9s d&#8217;autres sites web se comportent exactement de la m\u00eame mani\u00e8re que sur le site source.<\/p>&#13;\n&#13;\n<p>Ces sites web peuvent collect\u00e9 des donn\u00e9es \u00e0 votre sujet, utiliser des cookies ou incorporer d&#8217;autre outil de tra\u00e7age pour identifier votre interaction avec le contenu incorpor\u00e9 si vous avez un compte et \u00eates connect\u00e9 sur le site en question.<\/p>&#13;\n&#13;\n<p>\u00a0<\/p>&#13;\n&#13;\n<h3 class=\"wp-block-heading\"><strong>Transmission des donn\u00e9es personnelles \u00e0 des tiers<\/strong><\/h3>&#13;\n<p>Les donn\u00e9es \u00e0 caract\u00e8re personnel mentionn\u00e9es ci-dessus qui sont trait\u00e9es par L-Tour ne sont jamais transmises \u00e0 des tiers, \u00e0 l\u2019exception des donn\u00e9es devant l\u00e9galement \u00eatre transmises aux autorit\u00e9s ou administrations publiques comp\u00e9tentes.<\/p>&#13;\n<h3><strong>Dur\u00e9e de conservation des donn\u00e9es<\/strong><\/h3>&#13;\n<p>L-Tour conserve les donn\u00e9es \u00e0 caract\u00e8re personnel mentionn\u00e9es pour la dur\u00e9e n\u00e9cessaire \u00e0 l\u2019exercice de ses missions et activit\u00e9s.<\/p>&#13;\n<h3><strong>Droits des personnes concern\u00e9es par le traitement des donn\u00e9es<\/strong><\/h3>&#13;\n<h5><strong>Acc\u00e8s aux donn\u00e9es personnelles <\/strong><\/h5>&#13;\n<p>Vous disposez du droit de prendre connaissance des donn\u00e9es \u00e0 caract\u00e8re personnel qui vous concernent ainsi que des sp\u00e9cificit\u00e9s du traitement effectu\u00e9 par L-Tour, en ce compris la finalit\u00e9 du traitement de ces donn\u00e9es et de demander une copie gratuite de ces donn\u00e9es.<\/p>&#13;\n<h5><strong>Rectification ou effacement des donn\u00e9es personnelles <\/strong><\/h5>&#13;\n<p>Vous pouvez exiger que des donn\u00e9es inexactes vous concernant soient corrig\u00e9es ou compl\u00e9t\u00e9es dans les meilleurs d\u00e9lais.<\/p>&#13;\n<p>Vous pouvez exiger l\u2019effacement des donn\u00e9es \u00e0 caract\u00e8re personnel qui vous concernent dans les meilleurs d\u00e9lais lorsque ces donn\u00e9es ne sont plus n\u00e9cessaires au regard des finalit\u00e9s pour lesquelles elles ont \u00e9t\u00e9 collect\u00e9es ou trait\u00e9es, lorsqu\u2019il n\u2019existe plus de finalit\u00e9 l\u00e9gitime pour le traitement, lorsque vous revenez sur votre consentement au traitement de certaines donn\u00e9es ou si L-Tour ne peut plus se fonder sur une autre finalit\u00e9 l\u00e9gitime pour le traitement.<\/p>&#13;\n<h5><strong>Opposition au traitement des donn\u00e9es personnelles<\/strong><\/h5>&#13;\n<p>Hormis les donn\u00e9es \u00e0 caract\u00e8re personnel qui sont n\u00e9cessaires au respect des obligations contractuelles ou l\u00e9gales de L-Tour, vous pouvez vous opposer \u00e0 tout moment au traitement des donn\u00e9es \u00e0 caract\u00e8re personnel qui vous concernent pour des raisons s\u00e9rieuses et l\u00e9gitimes.<\/p>&#13;\n<h5><strong>Portabilit\u00e9 des donn\u00e9es personnelles<\/strong><\/h5>&#13;\n<p>Vous avez le droit de recevoir les donn\u00e9es \u00e0 caract\u00e8re personnel qui vous concernent et que vous avez fournies \u00e0 L-Tour, dans un format structur\u00e9, usuel et exploitable par ordinateur et\/ou de les transmettre \u00e0 un autre responsable de traitement.<\/p>&#13;\n<p>Vous pouvez exiger que le transfert ait lieu directement entre L-Tour et un autre responsable du traitement si ce transfert est techniquement possible.<\/p>&#13;\n<h5><strong>Droit de retirer le consentement <\/strong><\/h5>&#13;\n<p>Vous avez le droit de retirer votre consentement \u00e0 tout moment lorsque la lic\u00e9it\u00e9 du traitement des donn\u00e9es repose sur le consentement (newsletter, inscription aux formations, colloques\u2026). Le traitement de ces donn\u00e9es avant le retrait du consentement reste valable.<\/p>&#13;\n<p>\u00a0<\/p>&#13;\n<p><a href=\"https:\/\/www.l-tour.be\/en\/mentions-legales\/\">Plus &#8211; voir mention l\u00e9gales<\/a><\/p>&#13;\n","protected":false},"excerpt":{"rendered":"<p>&#13; Qui sommes nous? &#13; &#13; Notre site web est:\u00a0 https:\/\/www.l-tour.be. &#13; &#13; Quelles donn\u00e9es personnelles collectons nous et pourquoi? &#13; &#13; Formulaire de Contact &#13; Quand un visiteur envoi un message via le formulaire de contact, nous collectons les donn\u00e9es affich\u00e9es dans le formulaire d&#8217;inscription (Nom et Adresse de messagerie). &#13; &#13; Cookies &#13;&hellip;<\/p>\n","protected":false},"author":1,"featured_media":0,"parent":0,"menu_order":0,"comment_status":"closed","ping_status":"open","template":"","meta":{"footnotes":""},"class_list":["post-1188","page","type-page","status-publish","hentry","description-off"],"yoast_head":"<!-- This site is optimized with the Yoast SEO plugin v27.4 - https:\/\/yoast.com\/product\/yoast-seo-wordpress\/ -->\n<title>RGPD - L-Tour<\/title>\n<meta name=\"robots\" content=\"index, follow, max-snippet:-1, max-image-preview:large, max-video-preview:-1\" \/>\n<link rel=\"canonical\" href=\"https:\/\/www.l-tour.be\/en\/rgpd\/\" \/>\n<meta property=\"og:locale\" content=\"en_US\" \/>\n<meta property=\"og:type\" content=\"article\" \/>\n<meta property=\"og:title\" content=\"RGPD - L-Tour\" \/>\n<meta property=\"og:description\" content=\"&#013; Qui sommes nous? &#013; &#013; Notre site web est:\u00a0 https:\/\/www.l-tour.be. &#013; &#013; Quelles donn\u00e9es personnelles collectons nous et pourquoi? &#013; &#013; Formulaire de Contact &#013; Quand un visiteur envoi un message via le formulaire de contact, nous collectons les donn\u00e9es affich\u00e9es dans le formulaire d&#8217;inscription (Nom et Adresse de messagerie). &#013; &#013; Cookies &#013;&hellip;\" \/>\n<meta property=\"og:url\" content=\"https:\/\/www.l-tour.be\/en\/rgpd\/\" \/>\n<meta property=\"og:site_name\" content=\"L-Tour\" \/>\n<meta name=\"twitter:card\" content=\"summary_large_image\" \/>\n<meta name=\"twitter:label1\" content=\"Est. reading time\" \/>\n\t<meta name=\"twitter:data1\" content=\"3 minutes\" \/>\n<script type=\"application\/ld+json\" class=\"yoast-schema-graph\">{\"@context\":\"https:\\\/\\\/schema.org\",\"@graph\":[{\"@type\":\"WebPage\",\"@id\":\"https:\\\/\\\/www.l-tour.be\\\/en\\\/rgpd\\\/\",\"url\":\"https:\\\/\\\/www.l-tour.be\\\/en\\\/rgpd\\\/\",\"name\":\"RGPD - L-Tour\",\"isPartOf\":{\"@id\":\"https:\\\/\\\/www.l-tour.be\\\/en\\\/#website\"},\"datePublished\":\"2020-11-27T14:20:52+00:00\",\"breadcrumb\":{\"@id\":\"https:\\\/\\\/www.l-tour.be\\\/en\\\/rgpd\\\/#breadcrumb\"},\"inLanguage\":\"en-US\",\"potentialAction\":[{\"@type\":\"ReadAction\",\"target\":[\"https:\\\/\\\/www.l-tour.be\\\/en\\\/rgpd\\\/\"]}]},{\"@type\":\"BreadcrumbList\",\"@id\":\"https:\\\/\\\/www.l-tour.be\\\/en\\\/rgpd\\\/#breadcrumb\",\"itemListElement\":[{\"@type\":\"ListItem\",\"position\":1,\"name\":\"Home\",\"item\":\"https:\\\/\\\/www.l-tour.be\\\/en\\\/\"},{\"@type\":\"ListItem\",\"position\":2,\"name\":\"RGPD\"}]},{\"@type\":\"WebSite\",\"@id\":\"https:\\\/\\\/www.l-tour.be\\\/en\\\/#website\",\"url\":\"https:\\\/\\\/www.l-tour.be\\\/en\\\/\",\"name\":\"L-Tour\",\"description\":\"LGBTQI+ Guiding Tours in Brussels\",\"potentialAction\":[{\"@type\":\"SearchAction\",\"target\":{\"@type\":\"EntryPoint\",\"urlTemplate\":\"https:\\\/\\\/www.l-tour.be\\\/en\\\/?s={search_term_string}\"},\"query-input\":{\"@type\":\"PropertyValueSpecification\",\"valueRequired\":true,\"valueName\":\"search_term_string\"}}],\"inLanguage\":\"en-US\"}]}<\/script>\n<!-- \/ Yoast SEO plugin. -->","yoast_head_json":{"title":"RGPD - L-Tour","robots":{"index":"index","follow":"follow","max-snippet":"max-snippet:-1","max-image-preview":"max-image-preview:large","max-video-preview":"max-video-preview:-1"},"canonical":"https:\/\/www.l-tour.be\/en\/rgpd\/","og_locale":"en_US","og_type":"article","og_title":"RGPD - L-Tour","og_description":"&#13; Qui sommes nous? &#13; &#13; Notre site web est:\u00a0 https:\/\/www.l-tour.be. &#13; &#13; Quelles donn\u00e9es personnelles collectons nous et pourquoi? &#13; &#13; Formulaire de Contact &#13; Quand un visiteur envoi un message via le formulaire de contact, nous collectons les donn\u00e9es affich\u00e9es dans le formulaire d&#8217;inscription (Nom et Adresse de messagerie). &#13; &#13; Cookies &#13;&hellip;","og_url":"https:\/\/www.l-tour.be\/en\/rgpd\/","og_site_name":"L-Tour","twitter_card":"summary_large_image","twitter_misc":{"Est. reading time":"3 minutes"},"schema":{"@context":"https:\/\/schema.org","@graph":[{"@type":"WebPage","@id":"https:\/\/www.l-tour.be\/en\/rgpd\/","url":"https:\/\/www.l-tour.be\/en\/rgpd\/","name":"RGPD - L-Tour","isPartOf":{"@id":"https:\/\/www.l-tour.be\/en\/#website"},"datePublished":"2020-11-27T14:20:52+00:00","breadcrumb":{"@id":"https:\/\/www.l-tour.be\/en\/rgpd\/#breadcrumb"},"inLanguage":"en-US","potentialAction":[{"@type":"ReadAction","target":["https:\/\/www.l-tour.be\/en\/rgpd\/"]}]},{"@type":"BreadcrumbList","@id":"https:\/\/www.l-tour.be\/en\/rgpd\/#breadcrumb","itemListElement":[{"@type":"ListItem","position":1,"name":"Home","item":"https:\/\/www.l-tour.be\/en\/"},{"@type":"ListItem","position":2,"name":"RGPD"}]},{"@type":"WebSite","@id":"https:\/\/www.l-tour.be\/en\/#website","url":"https:\/\/www.l-tour.be\/en\/","name":"L-Tour","description":"LGBTQI+ Guiding Tours in Brussels","potentialAction":[{"@type":"SearchAction","target":{"@type":"EntryPoint","urlTemplate":"https:\/\/www.l-tour.be\/en\/?s={search_term_string}"},"query-input":{"@type":"PropertyValueSpecification","valueRequired":true,"valueName":"search_term_string"}}],"inLanguage":"en-US"}]}},"_links":{"self":[{"href":"https:\/\/www.l-tour.be\/en\/wp-json\/wp\/v2\/pages\/1188","targetHints":{"allow":["GET"]}}],"collection":[{"href":"https:\/\/www.l-tour.be\/en\/wp-json\/wp\/v2\/pages"}],"about":[{"href":"https:\/\/www.l-tour.be\/en\/wp-json\/wp\/v2\/types\/page"}],"author":[{"embeddable":true,"href":"https:\/\/www.l-tour.be\/en\/wp-json\/wp\/v2\/users\/1"}],"replies":[{"embeddable":true,"href":"https:\/\/www.l-tour.be\/en\/wp-json\/wp\/v2\/comments?post=1188"}],"version-history":[{"count":1,"href":"https:\/\/www.l-tour.be\/en\/wp-json\/wp\/v2\/pages\/1188\/revisions"}],"predecessor-version":[{"id":1189,"href":"https:\/\/www.l-tour.be\/en\/wp-json\/wp\/v2\/pages\/1188\/revisions\/1189"}],"wp:attachment":[{"href":"https:\/\/www.l-tour.be\/en\/wp-json\/wp\/v2\/media?parent=1188"}],"curies":[{"name":"wp","href":"https:\/\/api.w.org\/{rel}","templated":true}]}}