{"id":701,"date":"2019-11-27T13:19:22","date_gmt":"2019-11-27T12:19:22","guid":{"rendered":"https:\/\/www.l-tour.be\/agenda\/"},"modified":"2022-05-13T12:59:42","modified_gmt":"2022-05-13T10:59:42","slug":"agenda","status":"publish","type":"page","link":"https:\/\/www.l-tour.be\/nl\/agenda\/","title":{"rendered":"Agenda"},"content":{"rendered":"<div class=\"wpb-content-wrapper\"><p>[vc_row][vc_column]<div class=\"mec-wrap mec-skin-list-container  \" id=\"mec_skin_311\">\r\n\r\n    \r\n        <div class=\"mec-skin-list-events-container\" id=\"mec_skin_events_311\">\r\n        Geen evenementen gevonden!    <\/div>\r\n    \r\n    \r\n<\/div>\r\n<div class=\"ult-spacer spacer-69d86fc0258c4\" data-id=\"69d86fc0258c4\" data-height=\"50\" data-height-mobile=\"20\" data-height-tab=\"35\" data-height-tab-portrait=\"35\" data-height-mobile-landscape=\"20\" style=\"clear:both;display:block;\"><\/div>[vc_btn title=&#8221;Zie onze vorige activiteiten&#8221; style=&#8221;custom&#8221; custom_background=&#8221;#af81b7&#8243; custom_text=&#8221;#ffffff&#8221; align=&#8221;center&#8221; link=&#8221;url:https%3A%2F%2Fwww.l-tour.be%2Fnl%2Farchief%2F|title:Archives&#8221;][\/vc_column][\/vc_row][vc_row gap=&#8221;35&#8243; disable_element=&#8221;yes&#8221;][vc_column width=&#8221;1\/3&#8243; css=&#8221;.vc_custom_1614188429474{padding-right: 20px !important;padding-left: 20px !important;background-color: #f9f9f9 !important;}&#8221;]\n<div tabindex=\"0\" id=\"interactive-banner-1-wrap-2064\" class=\"ult-banner-block ult-adjust-bottom-margin ult-bb-none  banner-style11 \"   style=\"\">\n\t<img decoding=\"async\" src=\"https:\/\/www.l-tour.be\/wp-content\/uploads\/2020\/08\/LesbianWomonPower.jpg\" alt=\"null\">\n\t<h2  data-ultimate-target='#interactive-banner-1-wrap-2064 .bb-top-title '  data-responsive-json-new='{\"font-size\":\"\",\"line-height\":\"\"}'  class=\"title-left bb-top-title ult-responsive\" style=\"font-weight:normal;background:#242424;color:#ffffff;\">What About Lesbian Spaces?<\/h2>\n\t<div class=\"mask opaque-background\" style=\"background:rgba(175,129,183,0.55);\">\n\t\t<div  data-ultimate-target='#interactive-banner-1-wrap-2064 .bb-description'  data-responsive-json-new='{\"font-size\":\"\",\"line-height\":\"\"}'  class=\"bb-description ult-responsive\" style=\"font-weight:normal;color:#ffffff;\">Les 16, 20 et 23 septembre 2020.<\/div>\n\t<\/div>\n<\/div>[vc_column_text]<\/p>\n<h3>What About Lesbian Spaces?<br \/>\nLes 16, 20 et 23 septembre 2020.<\/h3>\n<p>[\/vc_column_text][vc_column_text]Quels espaces existent pour les minorit\u00e9s les plus fragilis\u00e9es au sein des communaut\u00e9s LGBTQI+, par ailleurs cumulant diff\u00e9rents types de discriminations\/in\u00e9galit\u00e9s ? Dans le cadre du PrideFestival de Bruxelles, L-Tour lance son premier cycle de conf\u00e9rences sur ce th\u00e8me.<\/p>\n<p>Le premier cycle de 3 conf\u00e9rences explorera la th\u00e9matique des espaces lesbiens (lesBIens) par le biais de diff\u00e9rentes grilles de lecture. Pour chaque conf\u00e9rence, des intervenantes expertes sont invit\u00e9es pour parler de th\u00e9matiques sp\u00e9cifiques (voir programme ci-dessous, la langue de la conf\u00e9rence est pr\u00e9cis\u00e9e dans le programme).<\/p>\n<p>Ce programme initialement pr\u00e9vu en mai dans le cadre du mois de la Belgian Pride a d\u00fb \u00eatre report\u00e9 en septembre en raison du Covid-19.<\/p>\n<p>Un deuxi\u00e8me cycle de conf\u00e9rences est pr\u00e9vu d\u00e9but 2021 sur \u00ab\u00a0Les identit\u00e9s\u00a0\u00bb, avec l\u2019organisation d\u2019ateliers th\u00e9matiques sp\u00e9cifiques.<\/p>\n<p>[\/vc_column_text][vc_column_text css=&#8221;.vc_custom_1597935065747{background-color: #ffffff !important;}&#8221;]<\/p>\n<p style=\"text-align: center;\"><img loading=\"lazy\" decoding=\"async\" class=\"alignnone wp-image-1072\" src=\"https:\/\/www.l-tour.be\/wp-content\/uploads\/2020\/08\/orga_equalbrussels-1-300x91.png\" alt=\"\" width=\"198\" height=\"60\" srcset=\"https:\/\/www.l-tour.be\/wp-content\/uploads\/2020\/08\/orga_equalbrussels-1-300x91.png 300w, https:\/\/www.l-tour.be\/wp-content\/uploads\/2020\/08\/orga_equalbrussels-1.png 389w\" sizes=\"auto, (max-width: 198px) 100vw, 198px\" \/><\/p>\n<p style=\"text-align: center;\"><img loading=\"lazy\" decoding=\"async\" class=\"alignnone wp-image-1069\" src=\"https:\/\/www.l-tour.be\/wp-content\/uploads\/2020\/08\/orga_ltour.png\" alt=\"\" width=\"91\" height=\"60\" \/><\/p>\n<p style=\"text-align: center;\"><img loading=\"lazy\" decoding=\"async\" class=\"alignnone wp-image-1066\" src=\"https:\/\/www.l-tour.be\/wp-content\/uploads\/2020\/08\/orga_pridefestival.png\" alt=\"\" width=\"101\" height=\"60\" \/><\/p>\n<p>[\/vc_column_text][\/vc_column][vc_column width=&#8221;2\/3&#8243;][\/vc_column][\/vc_row]<\/p>\n<\/div>","protected":false},"excerpt":{"rendered":"<p>[vc_row][vc_column][vc_btn title=&#8221;Zie onze vorige activiteiten&#8221; style=&#8221;custom&#8221; custom_background=&#8221;#af81b7&#8243; custom_text=&#8221;#ffffff&#8221; align=&#8221;center&#8221; link=&#8221;url:https%3A%2F%2Fwww.l-tour.be%2Fnl%2Farchief%2F|title:Archives&#8221;][\/vc_column][\/vc_row][vc_row gap=&#8221;35&#8243; disable_element=&#8221;yes&#8221;][vc_column width=&#8221;1\/3&#8243; css=&#8221;.vc_custom_1614188429474{padding-right: 20px !important;padding-left: 20px !important;background-color: #f9f9f9 !important;}&#8221;][vc_column_text] What About Lesbian Spaces? Les 16, 20 et 23 septembre 2020. [\/vc_column_text][vc_column_text]Quels espaces existent pour les minorit\u00e9s les plus fragilis\u00e9es au sein des communaut\u00e9s LGBTQI+, par ailleurs cumulant diff\u00e9rents types de discriminations\/in\u00e9galit\u00e9s ? Dans le&hellip;<\/p>\n","protected":false},"author":1,"featured_media":0,"parent":0,"menu_order":0,"comment_status":"closed","ping_status":"closed","template":"","meta":{"footnotes":""},"class_list":["post-701","page","type-page","status-publish","hentry","description-off"],"yoast_head":"<!-- This site is optimized with the Yoast SEO plugin v26.2 - https:\/\/yoast.com\/wordpress\/plugins\/seo\/ -->\n<title>Agenda - L-Tour<\/title>\n<meta name=\"robots\" content=\"index, follow, max-snippet:-1, max-image-preview:large, max-video-preview:-1\" \/>\n<link rel=\"canonical\" href=\"https:\/\/www.l-tour.be\/nl\/agenda\/\" \/>\n<meta property=\"og:locale\" content=\"nl_NL\" \/>\n<meta property=\"og:type\" content=\"article\" \/>\n<meta property=\"og:title\" content=\"Agenda - L-Tour\" \/>\n<meta property=\"og:description\" content=\"[vc_row][vc_column][vc_btn title=&#8221;Zie onze vorige activiteiten&#8221; style=&#8221;custom&#8221; custom_background=&#8221;#af81b7&#8243; custom_text=&#8221;#ffffff&#8221; align=&#8221;center&#8221; link=&#8221;url:https%3A%2F%2Fwww.l-tour.be%2Fnl%2Farchief%2F|title:Archives&#8221;][\/vc_column][\/vc_row][vc_row gap=&#8221;35&#8243; disable_element=&#8221;yes&#8221;][vc_column width=&#8221;1\/3&#8243; css=&#8221;.vc_custom_1614188429474{padding-right: 20px !important;padding-left: 20px !important;background-color: #f9f9f9 !important;}&#8221;][vc_column_text] What About Lesbian Spaces? Les 16, 20 et 23 septembre 2020. [\/vc_column_text][vc_column_text]Quels espaces existent pour les minorit\u00e9s les plus fragilis\u00e9es au sein des communaut\u00e9s LGBTQI+, par ailleurs cumulant diff\u00e9rents types de discriminations\/in\u00e9galit\u00e9s ? Dans le&hellip;\" \/>\n<meta property=\"og:url\" content=\"https:\/\/www.l-tour.be\/nl\/agenda\/\" \/>\n<meta property=\"og:site_name\" content=\"L-Tour\" \/>\n<meta property=\"article:modified_time\" content=\"2022-05-13T10:59:42+00:00\" \/>\n<meta property=\"og:image\" content=\"https:\/\/www.l-tour.be\/wp-content\/uploads\/2020\/08\/orga_equalbrussels-1-300x91.png\" \/>\n<meta name=\"twitter:card\" content=\"summary_large_image\" \/>\n<meta name=\"twitter:label1\" content=\"Geschatte leestijd\" \/>\n\t<meta name=\"twitter:data1\" content=\"2 minuten\" \/>\n<script type=\"application\/ld+json\" class=\"yoast-schema-graph\">{\"@context\":\"https:\/\/schema.org\",\"@graph\":[{\"@type\":\"WebPage\",\"@id\":\"https:\/\/www.l-tour.be\/nl\/agenda\/\",\"url\":\"https:\/\/www.l-tour.be\/nl\/agenda\/\",\"name\":\"Agenda - L-Tour\",\"isPartOf\":{\"@id\":\"https:\/\/www.l-tour.be\/nl\/#website\"},\"primaryImageOfPage\":{\"@id\":\"https:\/\/www.l-tour.be\/nl\/agenda\/#primaryimage\"},\"image\":{\"@id\":\"https:\/\/www.l-tour.be\/nl\/agenda\/#primaryimage\"},\"thumbnailUrl\":\"https:\/\/www.l-tour.be\/wp-content\/uploads\/2020\/08\/orga_equalbrussels-1-300x91.png\",\"datePublished\":\"2019-11-27T12:19:22+00:00\",\"dateModified\":\"2022-05-13T10:59:42+00:00\",\"breadcrumb\":{\"@id\":\"https:\/\/www.l-tour.be\/nl\/agenda\/#breadcrumb\"},\"inLanguage\":\"nl-NL\",\"potentialAction\":[{\"@type\":\"ReadAction\",\"target\":[\"https:\/\/www.l-tour.be\/nl\/agenda\/\"]}]},{\"@type\":\"ImageObject\",\"inLanguage\":\"nl-NL\",\"@id\":\"https:\/\/www.l-tour.be\/nl\/agenda\/#primaryimage\",\"url\":\"https:\/\/www.l-tour.be\/wp-content\/uploads\/2020\/08\/orga_equalbrussels-1-300x91.png\",\"contentUrl\":\"https:\/\/www.l-tour.be\/wp-content\/uploads\/2020\/08\/orga_equalbrussels-1-300x91.png\"},{\"@type\":\"BreadcrumbList\",\"@id\":\"https:\/\/www.l-tour.be\/nl\/agenda\/#breadcrumb\",\"itemListElement\":[{\"@type\":\"ListItem\",\"position\":1,\"name\":\"Home\",\"item\":\"https:\/\/www.l-tour.be\/nl\/\"},{\"@type\":\"ListItem\",\"position\":2,\"name\":\"Agenda\"}]},{\"@type\":\"WebSite\",\"@id\":\"https:\/\/www.l-tour.be\/nl\/#website\",\"url\":\"https:\/\/www.l-tour.be\/nl\/\",\"name\":\"L-Tour\",\"description\":\"LGBTQI+ Guiding Tours in Brussels\",\"potentialAction\":[{\"@type\":\"SearchAction\",\"target\":{\"@type\":\"EntryPoint\",\"urlTemplate\":\"https:\/\/www.l-tour.be\/nl\/?s={search_term_string}\"},\"query-input\":{\"@type\":\"PropertyValueSpecification\",\"valueRequired\":true,\"valueName\":\"search_term_string\"}}],\"inLanguage\":\"nl-NL\"}]}<\/script>\n<!-- \/ Yoast SEO plugin. -->","yoast_head_json":{"title":"Agenda - L-Tour","robots":{"index":"index","follow":"follow","max-snippet":"max-snippet:-1","max-image-preview":"max-image-preview:large","max-video-preview":"max-video-preview:-1"},"canonical":"https:\/\/www.l-tour.be\/nl\/agenda\/","og_locale":"nl_NL","og_type":"article","og_title":"Agenda - L-Tour","og_description":"[vc_row][vc_column][vc_btn title=&#8221;Zie onze vorige activiteiten&#8221; style=&#8221;custom&#8221; custom_background=&#8221;#af81b7&#8243; custom_text=&#8221;#ffffff&#8221; align=&#8221;center&#8221; link=&#8221;url:https%3A%2F%2Fwww.l-tour.be%2Fnl%2Farchief%2F|title:Archives&#8221;][\/vc_column][\/vc_row][vc_row gap=&#8221;35&#8243; disable_element=&#8221;yes&#8221;][vc_column width=&#8221;1\/3&#8243; css=&#8221;.vc_custom_1614188429474{padding-right: 20px !important;padding-left: 20px !important;background-color: #f9f9f9 !important;}&#8221;][vc_column_text] What About Lesbian Spaces? Les 16, 20 et 23 septembre 2020. [\/vc_column_text][vc_column_text]Quels espaces existent pour les minorit\u00e9s les plus fragilis\u00e9es au sein des communaut\u00e9s LGBTQI+, par ailleurs cumulant diff\u00e9rents types de discriminations\/in\u00e9galit\u00e9s ? Dans le&hellip;","og_url":"https:\/\/www.l-tour.be\/nl\/agenda\/","og_site_name":"L-Tour","article_modified_time":"2022-05-13T10:59:42+00:00","og_image":[{"url":"https:\/\/www.l-tour.be\/wp-content\/uploads\/2020\/08\/orga_equalbrussels-1-300x91.png","type":"","width":"","height":""}],"twitter_card":"summary_large_image","twitter_misc":{"Geschatte leestijd":"2 minuten"},"schema":{"@context":"https:\/\/schema.org","@graph":[{"@type":"WebPage","@id":"https:\/\/www.l-tour.be\/nl\/agenda\/","url":"https:\/\/www.l-tour.be\/nl\/agenda\/","name":"Agenda - L-Tour","isPartOf":{"@id":"https:\/\/www.l-tour.be\/nl\/#website"},"primaryImageOfPage":{"@id":"https:\/\/www.l-tour.be\/nl\/agenda\/#primaryimage"},"image":{"@id":"https:\/\/www.l-tour.be\/nl\/agenda\/#primaryimage"},"thumbnailUrl":"https:\/\/www.l-tour.be\/wp-content\/uploads\/2020\/08\/orga_equalbrussels-1-300x91.png","datePublished":"2019-11-27T12:19:22+00:00","dateModified":"2022-05-13T10:59:42+00:00","breadcrumb":{"@id":"https:\/\/www.l-tour.be\/nl\/agenda\/#breadcrumb"},"inLanguage":"nl-NL","potentialAction":[{"@type":"ReadAction","target":["https:\/\/www.l-tour.be\/nl\/agenda\/"]}]},{"@type":"ImageObject","inLanguage":"nl-NL","@id":"https:\/\/www.l-tour.be\/nl\/agenda\/#primaryimage","url":"https:\/\/www.l-tour.be\/wp-content\/uploads\/2020\/08\/orga_equalbrussels-1-300x91.png","contentUrl":"https:\/\/www.l-tour.be\/wp-content\/uploads\/2020\/08\/orga_equalbrussels-1-300x91.png"},{"@type":"BreadcrumbList","@id":"https:\/\/www.l-tour.be\/nl\/agenda\/#breadcrumb","itemListElement":[{"@type":"ListItem","position":1,"name":"Home","item":"https:\/\/www.l-tour.be\/nl\/"},{"@type":"ListItem","position":2,"name":"Agenda"}]},{"@type":"WebSite","@id":"https:\/\/www.l-tour.be\/nl\/#website","url":"https:\/\/www.l-tour.be\/nl\/","name":"L-Tour","description":"LGBTQI+ Guiding Tours in Brussels","potentialAction":[{"@type":"SearchAction","target":{"@type":"EntryPoint","urlTemplate":"https:\/\/www.l-tour.be\/nl\/?s={search_term_string}"},"query-input":{"@type":"PropertyValueSpecification","valueRequired":true,"valueName":"search_term_string"}}],"inLanguage":"nl-NL"}]}},"_links":{"self":[{"href":"https:\/\/www.l-tour.be\/nl\/wp-json\/wp\/v2\/pages\/701","targetHints":{"allow":["GET"]}}],"collection":[{"href":"https:\/\/www.l-tour.be\/nl\/wp-json\/wp\/v2\/pages"}],"about":[{"href":"https:\/\/www.l-tour.be\/nl\/wp-json\/wp\/v2\/types\/page"}],"author":[{"embeddable":true,"href":"https:\/\/www.l-tour.be\/nl\/wp-json\/wp\/v2\/users\/1"}],"replies":[{"embeddable":true,"href":"https:\/\/www.l-tour.be\/nl\/wp-json\/wp\/v2\/comments?post=701"}],"version-history":[{"count":17,"href":"https:\/\/www.l-tour.be\/nl\/wp-json\/wp\/v2\/pages\/701\/revisions"}],"predecessor-version":[{"id":1736,"href":"https:\/\/www.l-tour.be\/nl\/wp-json\/wp\/v2\/pages\/701\/revisions\/1736"}],"wp:attachment":[{"href":"https:\/\/www.l-tour.be\/nl\/wp-json\/wp\/v2\/media?parent=701"}],"curies":[{"name":"wp","href":"https:\/\/api.w.org\/{rel}","templated":true}]}}